{"id":5,"date":"2025-09-01T12:52:01","date_gmt":"2025-09-01T10:52:01","guid":{"rendered":"https:\/\/bonheur-authentique.com\/?page_id=5"},"modified":"2025-09-01T13:17:39","modified_gmt":"2025-09-01T11:17:39","slug":"a-propos","status":"publish","type":"page","link":"https:\/\/bonheur-authentique.com\/index.php\/a-propos\/","title":{"rendered":"A propos"},"content":{"rendered":"\n<p><strong>Mon parcours<\/strong><\/p>\n\n\n\n<p>Mon parcours acad\u00e9mique et professionnel regroupe trois licences (Lettres Modernes, Sciences de l&rsquo;Education et M\u00e9diation Educative), deux masters (Didactiques des langues et Enseignement de Fran\u00e7ais Langue Etrang\u00e8re et de la litt\u00e9rature et la culture fran\u00e7aise), une formation en techniques d&rsquo;apprentissage avanc\u00e9es, une formation en r\u00e9\u00e9criture de l&rsquo;histoire de vie, un certificat de coach en psychologie positive, une certification en pratiques narratives et plus d&rsquo;une dizaine de MOOCs ayant tous pour th\u00e8mes la psychologie, l&rsquo;\u00e9criture et l&rsquo;enseignement. Parce que j&rsquo;adore apprendre, approfondir et transmettre. Et que j&rsquo;ai toujours beaucoup travaill\u00e9 pour pouvoir le faire.<\/p>\n\n\n\n<p>Mais comment suis-je devenue \u00e9criture-th\u00e9rapeute et coach en psychologie positive?<\/p>\n\n\n\n<p>Je commence l&rsquo;animation d&rsquo;ateliers d&rsquo;\u00e9criture en 2008. Au d\u00e9but \u00e0 vis\u00e9e ludique, ils \u00e9voluent vers l&rsquo;\u00e9criture autobiographique. Ceci n&rsquo;est bien s\u00fbr pas un hasard. J&rsquo;ai grandi dans un contexte particulier. Enfant timide, je n&rsquo;\u00e9tais pourtant pas solitaire. L&rsquo;\u00e9criture \u00e9tait mon amie, ma th\u00e9rapeute personnelle. Elle fixait comme elle \u00e9vacuait joies, peines, difficult\u00e9s. J&rsquo;ai fait na\u00eetre mes espoirs et j&rsquo;ai gu\u00e9ri de mes douleurs gr\u00e2ce \u00e0 l&rsquo;\u00e9criture depuis aussi longtemps que je me souvienne. En 2011, je d\u00e9couvre la psychologie positive et je prends conscience de mes forces et des aspects perfectibles de ma vie. J&rsquo;\u00e9cris ensuite des biographies de particuliers et je vois mes clients faire la paix avec des pans entiers de leur histoire personnelle. En 2014, je me lance dans l&rsquo;animation des <em>ateliers du bonheur<\/em> (aujourd&rsquo;hui <em>ateliers bulle positive<\/em>). Depuis j&rsquo;ai travers\u00e9 des orages et dans\u00e9 sur des arc-en-ciels. L&rsquo;\u00e9criture et la psychologie positive ont \u00e9t\u00e9 l\u00e0 pour m&rsquo;aider \u00e0 garder l&rsquo;\u00e9quilibre. En 2019, je rencontre l&rsquo;EFT et je l&rsquo;introduit dans ma pratique dans un protocole.<\/p>\n\n\n\n<p>Aujourd&rsquo;hui j&rsquo;accompagne des actifs \u00e0 des moments charni\u00e8res de leur vie ou lors de phases de remise en question.<\/p>\n\n\n\n<p>Pour cela, j&rsquo;utilise diff\u00e9rentes m\u00e9thodes que j&rsquo;adapte selon la probl\u00e9matique de mes clients. Mes principaux outils vont du journaling au coaching en psychologie positive, en passant par la r\u00e9\u00e9criture de l&rsquo;histoire de vie, aux pratiques narratives ou par des protocoles que j&rsquo;ai cr\u00e9\u00e9s.<\/p>\n\n\n\n<p>Je continue \u00e0 apprendre puisque, comme je vous le savez d\u00e9sormais, c&rsquo;est une passion et une chance.<\/p>\n\n\n\n<p><strong>Mon \u00e9thique<\/strong><\/p>\n\n\n\n<p>Ma posture professionnelle est repr\u00e9sent\u00e9e par <em>Ma Pyramide \u00c9thique<\/em> que j&rsquo;ai \u00e9tablie et enrichie depuis mes d\u00e9buts d&rsquo;animatrice d&rsquo;ateliers d&rsquo;\u00e9criture en 2008. Elle rassemble les valeurs qui entrent en jeu dans chacun de mes accompagnements. Elle est \u00e9galement le carrefour entre mon \u00ab\u00a0moi personnel\u00a0\u00bb et mon \u00ab\u00a0moi professionnel\u00a0\u00bb.<\/p>\n\n\n\n<figure class=\"wp-block-image size-full\"><img loading=\"lazy\" decoding=\"async\" width=\"1024\" height=\"768\" src=\"https:\/\/bonheur-authentique.com\/wp-content\/uploads\/2025\/09\/CONFIANCE-CONFIDENTIALITE-RESPECT-NON-JUGEMENT.png\" alt=\"\" class=\"wp-image-7\" srcset=\"https:\/\/bonheur-authentique.com\/wp-content\/uploads\/2025\/09\/CONFIANCE-CONFIDENTIALITE-RESPECT-NON-JUGEMENT.png 1024w, https:\/\/bonheur-authentique.com\/wp-content\/uploads\/2025\/09\/CONFIANCE-CONFIDENTIALITE-RESPECT-NON-JUGEMENT-300x225.png 300w, https:\/\/bonheur-authentique.com\/wp-content\/uploads\/2025\/09\/CONFIANCE-CONFIDENTIALITE-RESPECT-NON-JUGEMENT-768x576.png 768w\" sizes=\"auto, (max-width: 1024px) 100vw, 1024px\" \/><\/figure>\n","protected":false},"excerpt":{"rendered":"<p>Mon parcours Mon parcours acad\u00e9mique et professionnel regroupe trois licences (Lettres Modernes, Sciences de l&rsquo;Education et M\u00e9diation Educative), deux masters (Didactiques des langues et Enseignement de Fran\u00e7ais Langue Etrang\u00e8re et&hellip;<\/p>\n","protected":false},"author":1,"featured_media":0,"parent":0,"menu_order":0,"comment_status":"closed","ping_status":"closed","template":"","meta":{"footnotes":""},"class_list":["post-5","page","type-page","status-publish","hentry"],"_links":{"self":[{"href":"https:\/\/bonheur-authentique.com\/index.php\/wp-json\/wp\/v2\/pages\/5","targetHints":{"allow":["GET"]}}],"collection":[{"href":"https:\/\/bonheur-authentique.com\/index.php\/wp-json\/wp\/v2\/pages"}],"about":[{"href":"https:\/\/bonheur-authentique.com\/index.php\/wp-json\/wp\/v2\/types\/page"}],"author":[{"embeddable":true,"href":"https:\/\/bonheur-authentique.com\/index.php\/wp-json\/wp\/v2\/users\/1"}],"replies":[{"embeddable":true,"href":"https:\/\/bonheur-authentique.com\/index.php\/wp-json\/wp\/v2\/comments?post=5"}],"version-history":[{"count":1,"href":"https:\/\/bonheur-authentique.com\/index.php\/wp-json\/wp\/v2\/pages\/5\/revisions"}],"predecessor-version":[{"id":8,"href":"https:\/\/bonheur-authentique.com\/index.php\/wp-json\/wp\/v2\/pages\/5\/revisions\/8"}],"wp:attachment":[{"href":"https:\/\/bonheur-authentique.com\/index.php\/wp-json\/wp\/v2\/media?parent=5"}],"curies":[{"name":"wp","href":"https:\/\/api.w.org\/{rel}","templated":true}]}}